{"id":30,"date":"2019-01-29T08:53:11","date_gmt":"2019-01-29T07:53:11","guid":{"rendered":"http:\/\/clairdelune.lighting\/?page_id=30"},"modified":"2023-02-20T08:36:21","modified_gmt":"2023-02-20T07:36:21","slug":"parcours","status":"publish","type":"page","link":"https:\/\/clairdelune.lighting\/index.php\/parcours\/","title":{"rendered":"PARCOURS"},"content":{"rendered":"<p><\/p>\n<p><!--StartFragment--><\/p>\n\n\n<p>EXPERIENCES PROFESSIONNELLES<\/p>\n\n\n\n<p><strong>Janvier 2019 \u00e0 ce jour<br>Clairdelune, Conceptrice lumi\u00e8re<\/strong><\/p>\n\n\n\n<p><strong>Conception lumi\u00e8re conseil :<\/strong> <br> Noisy-le-Grand, conception lumi\u00e8re de l\u2019esplanade Mont d\u2019Est, MOREAU KUSUNOKI Architects<\/p>\n\n\n\n<p><strong>Contraitance:<\/strong><br> City of Dunkerque, Sch\u00e9ma directeur de conception lumi\u00e8re <\/p>\n\n\n\n<p><\/p>\n\n\n\n<p><strong>Agence COSIL :<\/strong><br>Centre Pompidou, Paris, concept de projet<\/p>\n\n\n\n<p><strong>Agence 8\u201918\u2019\u2019 :<\/strong><br>Bisses, Luxembourg, projet non communicable, architecture et espaces publics<br>Ryad, projet non communicable, architecture et espaces publics<br>Beskoy estate, Moscow, architecture et espaces publics<\/p>\n\n\n\n<p><strong>Studio Vicarini :<\/strong><br>Montmagny, Zac La plante des Champs<br>Torcy \/ Le Creusot &#8211; R\u00e9am\u00e9nagement Urbain du Boulevard du 8 Mai 1945<br>Nantes Parvis Gare Nord &#8211; \u00c9clairage abris v\u00e9lo<br>Petit Quevilly &#8211; Requalification de l\u2019avenue Jean Jaur\u00e8s<br>Saint-Chamas &#8211; R\u00e9am\u00e9nagement des Rives de l\u2019\u00e9tang de Berre<br>Saint Gildas des Bois &#8211; Am\u00e9nagement de la Place centrale Mairie-Abbatiale-Fruitier<br>Saint-Nazaire &#8211; Remplacement du Pont du Pertuis<br>Champs-sur-Marne &#8211; ZAC Haute Maison de Nesles<\/p>\n\n\n\n<p><br><strong>Agence CONCEPTO <\/strong>: <br> SDAL de Brunoi <br> Clichy theatre Rutebeuf<br> SDAL de Marcoussi<br><strong> Agence ON : <\/strong><br> Nanjing, Chine &#8211; Concours<br> Paris &#8211; PGA 75 avenue de la Grande Arm\u00e9e<br><strong> Atelier Coup d\u2019Eclat :<\/strong> <br>Cergy &#8211; P\u00f4le Multimodale<\/p>\n\n\n\n<p><\/p>\n\n\n\n<p><strong>DIFFUSION DE SAVOIRS<\/strong><br>Formatrice \u00ab\u00c9clairage p\u00e9renne\u00bb au CFPTS Paris, D\u00e9cembre 2018, D\u00e9cembre 2020<br> <\/p>\n\n\n\n<p><strong>Juin 2010 &#8211; Juin 2018<br> Atelier Coup d\u2019Eclat<\/strong><br> 19, rue Claude Tillier, 75012 Paris, France<br> Agence de Conception Lumi\u00e8re<br> CDI<br><strong> Chef de Projet<\/strong><br> D\u00e9veloppement des projets pour clients publics et priv\u00e9s comme mandataire o\u00f9 co-traitant en partenariat avec des cabinets d\u2019architecture et d\u2019urbanisme.<br> Suivi projet, de l\u2019appel d\u2019offre jusqu\u2019\u00e0 la livraison aux clients, n\u00e9gociations d\u2019honoraires et pr\u00e9sentation du concept.<br> Conception de produits sp\u00e9cifiques en collaboration avec les fabricants.<\/p>\n\n\n\n<p><\/p>\n\n\n\n<p>Projet principaux (r\u00f4le de directeur de projet) :<\/p>\n\n\n\n<p>MISSIONS DE CONSEIL<br> Sch\u00e9ma directeur d\u2019am\u00e9nagement lumi\u00e8re de Noisy-le-Grand &#8211; Mandataire : ACE<br> Sch\u00e9ma directeur d\u2019am\u00e9nagement lumi\u00e8re de Beausoleil &#8211; Mandataire : Eiffage \u00c9nergie<\/p>\n\n\n\n<p>MA\u00ceTRISE D\u2019OEUVRE<br> Promenade du Paillon \u00e0 Nice \u2013 Mandataire : P\u00e9na paysages<br> Plan lumi\u00e8re du Port de Nice\u2013 Mandataire : Atelier Coup d\u2019Eclat <br> Moscou, parc VDNH\u2013 Mandataire :  P\u00e9na paysages <br> Immeuble Basalte \u00e0 la D\u00e9fense \u2013 Mandataire : Atelier234<br> Cit\u00e9 des Loisirs \u00e0 Courbevoie \u2013 Mandataire : Atelier 234<br> H\u00f4tel Napol\u00e9on<strong>*<\/strong> &#8211; Mandataire Cabinet Malphette et Biz<br> Ecoquartier Camille Claudel, Palaiseau &#8211; Mandataire : Phytorestore Paysage<br> Quartier du Massy Atlantis, place du Grand Ouest \u2013 Mandataire : P\u00e9na  paysages<br> Place du Grand Ouest, Massy &#8211; Mandataire : P\u00e9na paysages<br> Zac Amp\u00e8re, Massy &#8211; Mandataire : Atelier Petermuller Urbanistes<br> Rue de Paris, Lille &#8211; Mandataire : Agence TER Paysage<br> Abords de la Halle Freyssinet, Paris \u2013 Mandataire: Artelia BET<br> Austerlitz voie sud, Paris \u2013 Mandataire: MOM Urbanistes<br> Ecoquartier Bossi\u00e8re Acacia, Montreuil &#8211; Mandataire : Nexity Am\u00e9nagement<br> Zac Marenda-Lacan, Antibe &#8211; Mandataire : Egis Villes &amp; Transports<br> Coeur de Ville, Biot &#8211; Mandataire : Egis Villes &amp; Transports<br> Place de l\u2019h\u00f4tel de ville, Puteaux  &#8211; Mandataire : Espaces Libres Paysage<br> Place de l\u2019h\u00f4tel de ville, Neustadt-bei-Coburg (AL)  &#8211; Mandataire : Reiner-Schmidt paysage<\/p>\n\n\n\n<p><\/p>\n\n\n\n<p>CONCOURS<br> \u2022 Hippodrome de Longchamp \u00e0 Paris \u2013 Mandataire : Populous Architecture et Atelier 234<br> \u2022 Pont Jean-Jacques Bosc \u00e0 Bordeaux \u2013 Mandataire : Agence Mimram<br> \u2022 Si\u00e8ge de Veolia \u00e0 Paris \u2013 Mandataire : Atelier 234<br> \u2022 Colonne de la Bastille, Paris &#8211; Mandataire : ACE <br> \u2022 Place de la Bastille, Paris \u2013 Mandataire : Richez associ\u00e9s<br> \u2022 Avenue Jean Jaur\u00e8s, Montrouge &#8211; Mandataire : P\u00e9na Paysages<\/p>\n\n\n\n<p><\/p>\n\n\n\n<p><strong>F\u00e9vrier 2008 &#8211; Avril 2010<br> Speirs and Major Associates<\/strong><br> Well Court Hall, Dean Village, EH4 3BE Edimbourg, ROYAUME UNI<br> Agence de Conception Lumi\u00e8re<br> CDI<br><strong> Lighting Architect, Project Designer<\/strong><br> Intervention \u00e0 toutes les \u00e9tapes du projet, de la conception et l\u2019\u00e9laboration du concept, au design des d\u00e9tails en collaboration avec les clients et les architectes. L\u2019accompagnement se poursuit jusqu\u2019au suivi de l\u2019installation sur site et aux r\u00e9glages lumi\u00e8re. <br> Contact permanent avec tous les principaux fabricants, recevant les derni\u00e8res innovations technologiques et d\u00e9veloppant des solutions sur mesure.<br> Projet principaux (r\u00f4le de chef de projet) :<br> Minan, Boutique Giorgio Armani<br> Edimbourg, Th\u00e9\u00e2tre Usher Hall <br> Bahre\u00efn , PK Resort <br> Abu Dhabi, MASDAR City <br> Edimbourg, Playfair Library, Biblioth\u00e8que de l\u2019Universit\u00e9<\/p>\n\n\n\n<p><\/p>\n\n\n\n<p><strong>Mai 2003 &#8211; F\u00e9vrier 2008<br> Trilux Italia Srl<\/strong><br> Via Cesare Correnti, 47 &#8211; Bergame, ITALIE<br> Filiale commerciale de Trilux-Lenze Gmbh+CoKG, fabricant allemand de solutions d\u2019\u00e9clairage et m\u00e9dicales.<br><br><\/p>\n\n\n\n<p><strong>F\u00e9vrier 2002 &#8211; Juillet 2002<br> Castelli Design Milano srl<\/strong><br> Via Goito, 7 &#8211; Milan, ITALIE<br> Agence de design produit<\/p>\n\n\n\n<p><strong>Juin 2001 \u2013 F\u00e9vrier 2002 \/ Octobre 2002 \u2013 D\u00e9cembre 2002<br> Studio associato Architetti Cerquiglini &amp; Rossi<\/strong><br> Bovisio Masciago, Milan, ITALIE<br> Agence de design et d\u2019architecture<br> <\/p>\n\n\n\n<p> <strong>DIFFUSION DES SAVOIRS<\/strong><\/p>\n\n\n\n<p>  \u2022 Intervention au rencards de l&#8217;ACE, Saint Etienne, 2017 <br> \u2022 Intervention au MIPIM 2014, au sujet de la promenade du Paillon.<br> \u2022 Mise en oeuvre du site de l\u2019Atelier Coup d\u2019Eclat<br> \u2022 Conception graphique des brochures et pr\u00e9sentations de l\u2019Atelier<br> \u2022 Formatrice en conception lumi\u00e8re aupr\u00e8s de paysagiste et architecte, Milan <\/p>\n\n\n\n<p><strong>FORMATION<\/strong><\/p>\n\n\n\n<p><strong>Septembre 2016 \u2013 Janvier 2018<br> Universit\u00e9 Paris Dauphine (PSL Research University), PARIS<br> BUSINESS MENAGEMENT<\/strong><br> Dipl\u00f4me d\u2019Universit\u00e9 BUSINESS MENAGEMENT<br><\/p>\n\n\n\n<p><strong>Octobre 1997 \u2013 Avril 2003<br> \u00c9cole polytechnique de Milan, ITALIE <\/strong><br> Facult\u00e9 d\u2019architecture, cursus de design industriel<br> Licence de Design Industriel, Master en Lighting Design, Docteur en Design Industriel <\/p>\n\n\n\n<p><strong>Septembre 2000 \u2013 Mars 2001<br> Rhode Island School of Design, Providence (RI), USA<\/strong><br> Programme Erasmus &#8211; Socrates<br><\/p>\n\n\n\n<p><strong>LANGUES<\/strong><\/p>\n\n\n\n<p><strong>ITALIEN : Langue natale<br> FRAN\u00c7AIS : Courant<br> ANGLAIS : Courant<\/strong><\/p>\n\n\n<p><!--EndFragment--><\/p>\n<p><\/p>","protected":false},"excerpt":{"rendered":"<p>EXPERIENCES PROFESSIONNELLES Janvier 2019 \u00e0 ce jourClairdelune, Conceptrice lumi\u00e8re Conception lumi\u00e8re conseil : Noisy-le-Grand, conception lumi\u00e8re de l\u2019esplanade Mont d\u2019Est, MOREAU KUSUNOKI Architects Contraitance: City of Dunkerque, Sch\u00e9ma directeur de conception lumi\u00e8re Agence COSIL :Centre Pompidou, Paris, concept de projet Agence 8\u201918\u2019\u2019 :Bisses, Luxembourg, projet non communicable, architecture et espaces publicsRyad, projet non communicable, architecture &hellip; <\/p>\n<p class=\"link-more\"><a href=\"https:\/\/clairdelune.lighting\/index.php\/parcours\/\" class=\"more-link\">Continue reading<span class=\"screen-reader-text\"> &#8220;PARCOURS&#8221;<\/span><\/a><\/p>\n","protected":false},"author":1,"featured_media":0,"parent":0,"menu_order":0,"comment_status":"closed","ping_status":"closed","template":"","meta":[],"_links":{"self":[{"href":"https:\/\/clairdelune.lighting\/index.php\/wp-json\/wp\/v2\/pages\/30"}],"collection":[{"href":"https:\/\/clairdelune.lighting\/index.php\/wp-json\/wp\/v2\/pages"}],"about":[{"href":"https:\/\/clairdelune.lighting\/index.php\/wp-json\/wp\/v2\/types\/page"}],"author":[{"embeddable":true,"href":"https:\/\/clairdelune.lighting\/index.php\/wp-json\/wp\/v2\/users\/1"}],"replies":[{"embeddable":true,"href":"https:\/\/clairdelune.lighting\/index.php\/wp-json\/wp\/v2\/comments?post=30"}],"version-history":[{"count":7,"href":"https:\/\/clairdelune.lighting\/index.php\/wp-json\/wp\/v2\/pages\/30\/revisions"}],"predecessor-version":[{"id":386,"href":"https:\/\/clairdelune.lighting\/index.php\/wp-json\/wp\/v2\/pages\/30\/revisions\/386"}],"wp:attachment":[{"href":"https:\/\/clairdelune.lighting\/index.php\/wp-json\/wp\/v2\/media?parent=30"}],"curies":[{"name":"wp","href":"https:\/\/api.w.org\/{rel}","templated":true}]}}